{"id":8276,"date":"2023-06-28T15:23:45","date_gmt":"2023-06-28T15:23:45","guid":{"rendered":"https:\/\/www.isdin.com\/es\/blog\/?page_id=8276"},"modified":"2023-07-12T15:30:59","modified_gmt":"2023-07-12T15:30:59","slug":"proceso-revision-expertos","status":"publish","type":"page","link":"https:\/\/www.isdin.com\/es\/blog\/proceso-revision-expertos\/","title":{"rendered":"Nuestro proceso de revisi\u00f3n por parte de expertos"},"content":{"rendered":"<div class=\"wpb-content-wrapper\">[vc_row][vc_column][vc_column_text]\r\n<h2>\u00a0<\/h2>\r\n<h1 style=\"text-align: center;\">Nuestro proceso de revisi\u00f3n por parte de expertos<\/h1>\r\n<p>&nbsp;<\/p>\r\n<p>Tu piel es nuestra pasi\u00f3n y tambi\u00e9n nuestra prioridad absoluta. Ya estemos desarrollando una nueva f\u00f3rmula para el cuidado de la piel o escribiendo un art\u00edculo sobre la \u00faltima tendencia en bienestar, para nosotros es fundamental que conf\u00edes en ISDIN. Por eso, todos los art\u00edculos que publicamos est\u00e1n revisados por expertos, para que sepas que puedes confiar en nuestros consejos para disfrutar de una piel m\u00e1s sana y bonita.<\/p>\r\n\r\n<p>El equipo que se encarga de aprobar todos nuestros contenidos est\u00e1 formado por profesionales con una larga trayectoria en los campos de la dermatolog\u00eda, la investigaci\u00f3n m\u00e9dica, la cosm\u00e9tica y la farmacolog\u00eda. Estos expertos se aseguran de que absolutamente todo lo que publicamos sea fiable, original y, sobre todo, correcto desde el punto de vista m\u00e9dico. Bajo est\u00e1s l\u00edneas, encontrar\u00e1s m\u00e1s informaci\u00f3n sobre ellos, su formaci\u00f3n y su experiencia.<\/p>\r\n<p><br \/>\u00a0<\/p>\r\n<h2 id=\"h-como-es-el-proceso-de-revision-de-expertos-de-isdin\" class=\"wp-block-heading\"><strong>C\u00f3mo es el proceso de revisi\u00f3n de expertos de ISDIN<\/strong><\/h2>\r\n<p>&nbsp;<\/p>\r\n\r\n<p>Despu\u00e9s de superar una <a target=\"_blank\" href=\"https:\/\/www.isdin.com\/es\/blog\/normas-redaccion\/\" rel=\"noopener\">revisi\u00f3n editorial rigurosa<\/a>, enviamos los art\u00edculos a nuestro equipo de expertos. Estos son los pasos del proceso:<\/p>\r\n\r\n<p>&nbsp;<\/p>\r\n\r\n<ol class=\"wp-block-list\">\r\n<li style=\"list-style-type: none;\">\r\n<ol>\r\n<li style=\"list-style-type: none;\">\r\n<ol>\r\n<li>Los expertos examinan los consejos, las afirmaciones cient\u00edficas que se realizan y las propiedades que se les atribuyen a los productos cosm\u00e9ticos en cuesti\u00f3n.<\/li>\r\n<\/ol>\r\n<\/li>\r\n<\/ol>\r\n<br \/>\r\n<ol>\r\n<li style=\"list-style-type: none;\">\r\n<ol>\r\n<li>A continuaci\u00f3n, revisan las fuentes que se utilizaron para escribir los art\u00edculos con el fin de garantizar su credibilidad.<\/li>\r\n<\/ol>\r\n<\/li>\r\n<\/ol>\r\n<br \/>\r\n<ol>\r\n<li style=\"list-style-type: none;\">\r\n<ol>\r\n<li>Tras examinar todo esto a fondo, los expertos env\u00edan sus comentarios a los redactores para que realicen los cambios necesarios.<\/li>\r\n<\/ol>\r\n<\/li>\r\n<\/ol>\r\n<br \/>\r\n<ol>\r\n<li>Por \u00faltimo, los expertos revisan la versi\u00f3n final y actualizada del art\u00edculo para comprobar que est\u00e1 a la altura de los est\u00e1ndares \u00e9ticos de ISDIN y que su contenido sea de un rigor incontestable.<\/li>\r\n<\/ol>\r\n<\/li>\r\n<\/ol>\r\n\r\n<p>&nbsp;<\/p>\r\n\r\n<p>A lo largo de este proceso de revisi\u00f3n, nuestros expertos tambi\u00e9n aprovechan para aportar sus conocimientos. Completados todos estos pasos, ya podemos ofrecer a nuestros lectores y lectoras los consejos de expertos, pautas claras para que se cuiden la piel y otros trucos para que mejoren su bienestar general.<\/p>\r\n<p>&nbsp;<\/p>\r\n<p>&nbsp;<\/p>\r\n<hr \/>\r\n<h2 id=\"h-conoce-a-nuestros-expertos\" class=\"wp-block-heading\" style=\"text-align: center;\">Conoce a nuestros expertos<\/h2>\r\n<p>&nbsp;<\/p>\r\n<div class=\"wp-block-columns\">\r\n<div class=\"wp-block-column is-layout-flow wp-block-column-is-layout-flow\">\r\n<div class=\"wp-block-columns is-layout-flex wp-container-core-columns-is-layout-9d6595d7 wp-block-columns-is-layout-flex\">\r\n<div class=\"wp-block-column is-layout-flow wp-block-column-is-layout-flow\" style=\"flex-basis: 66.66%;\">\r\n<h3 id=\"h-aurora-garre-contreras\" class=\"wp-block-heading\">Aurora Garre Contreras<\/h3>\r\n\r\n<p>Medical Communication Manager<br \/><a href=\"https:\/\/www.isdin.com\/es\/blog\/author\/aurora-garre\/\">View profile \u25ba<\/a><\/p>\r\n<\/div>\r\n<br \/>\r\n<div class=\"wp-block-column is-layout-flow wp-block-column-is-layout-flow\" style=\"flex-basis: 33.33%;\">\r\n<figure class=\"wp-block-image size-large is-style-rounded\"><img decoding=\"async\" src=\"data:image\/gif;base64,R0lGODlhAQABAAAAACH5BAEKAAEALAAAAAABAAEAAAICTAEAOw==\" data-src=\"https:\/\/www.isdin.com\/en-US\/es\/blog\/wp-content\/uploads\/2023\/04\/aurora-garre-contreras-edited-1.jpg\" alt=\"\" class=\"lazyload\" \/><\/figure>\r\n<\/div>\r\n<\/div>\r\n<\/div>\r\n<br \/>\r\n<div class=\"wp-block-column is-layout-flow wp-block-column-is-layout-flow\">\r\n<div class=\"wp-block-columns is-layout-flex wp-container-core-columns-is-layout-9d6595d7 wp-block-columns-is-layout-flex\">\r\n<div class=\"wp-block-column is-layout-flow wp-block-column-is-layout-flow\" style=\"flex-basis: 66.66%;\">\r\n<h3 id=\"h-gemma-uroz\" class=\"wp-block-heading\">Gemma Uroz<\/h3>\r\n\r\n<p>Regulatory Affairs<br \/><a href=\"https:\/\/www.isdin.com\/es\/blog\/author\/gemma-uroz\/\">View profile \u25ba<\/a><\/p>\r\n<\/div>\r\n<br \/>\r\n<div class=\"wp-block-column is-layout-flow wp-block-column-is-layout-flow\" style=\"flex-basis: 33.33%;\">\r\n<figure class=\"wp-block-image size-large is-style-rounded\"><img decoding=\"async\" src=\"data:image\/gif;base64,R0lGODlhAQABAAAAACH5BAEKAAEALAAAAAABAAEAAAICTAEAOw==\" data-src=\"https:\/\/www.isdin.com\/en-US\/es\/blog\/wp-content\/uploads\/2023\/04\/gemma-uroz-isdin-edited.jpg\" alt=\"\" class=\"lazyload\" \/><\/figure>\r\n<\/div>\r\n<\/div>\r\n<\/div>\r\n<\/div>\r\n\r\n<p>&nbsp;<\/p>\r\n\r\n<div class=\"wp-block-columns is-layout-flex wp-container-core-columns-is-layout-9d6595d7 wp-block-columns-is-layout-flex\">\r\n<div class=\"wp-block-column is-layout-flow wp-block-column-is-layout-flow\">\r\n<div class=\"wp-block-columns is-layout-flex wp-container-core-columns-is-layout-9d6595d7 wp-block-columns-is-layout-flex\">\r\n<div class=\"wp-block-column is-layout-flow wp-block-column-is-layout-flow\" style=\"flex-basis: 66.66%;\">\r\n<h3 id=\"h-ana-fernandez\" class=\"wp-block-heading\">Ana Fern\u00e1ndez<\/h3>\r\n\r\n<p>Medical Marketing Specialist<br \/><a href=\"https:\/\/www.isdin.com\/es\/blog\/author\/ana-fernandez\/\">View profile \u25ba<\/a><\/p>\r\n<\/div>\r\n<br \/>\r\n<div class=\"wp-block-column is-layout-flow wp-block-column-is-layout-flow\" style=\"flex-basis: 33.33%;\">\r\n<figure class=\"wp-block-image size-large is-style-rounded\"><img decoding=\"async\" src=\"data:image\/gif;base64,R0lGODlhAQABAAAAACH5BAEKAAEALAAAAAABAAEAAAICTAEAOw==\" data-src=\"https:\/\/www.isdin.com\/en-US\/es\/blog\/wp-content\/uploads\/2023\/04\/ana-fernandez-isdin-1024x1024.jpg\" alt=\"\" class=\"lazyload\" \/><\/figure>\r\n<\/div>\r\n<\/div>\r\n<\/div>\r\n<br \/>\r\n<div class=\"wp-block-column is-layout-flow wp-block-column-is-layout-flow\">\r\n<div class=\"wp-block-columns is-layout-flex wp-container-core-columns-is-layout-9d6595d7 wp-block-columns-is-layout-flex\">\r\n<div class=\"wp-block-column is-layout-flow wp-block-column-is-layout-flow\" style=\"flex-basis: 66.66%;\">\r\n<h3 id=\"h-alessandro-de-luca\" class=\"wp-block-heading\">Alessandro De Luca<\/h3>\r\n\r\n<p>Medical Marketing Technician<br \/><a href=\"https:\/\/www.isdin.com\/es\/blog\/author\/alessandro-de-luca\/\">View profile \u25ba<\/a><\/p>\r\n<\/div>\r\n<br \/>\r\n<div class=\"wp-block-column is-layout-flow wp-block-column-is-layout-flow\" style=\"flex-basis: 33.33%;\">\r\n<figure class=\"wp-block-image size-large is-style-rounded\"><img decoding=\"async\" src=\"data:image\/gif;base64,R0lGODlhAQABAAAAACH5BAEKAAEALAAAAAABAAEAAAICTAEAOw==\" data-src=\"https:\/\/www.isdin.com\/en-US\/es\/blog\/wp-content\/uploads\/2023\/04\/ALESSANDRO-DI-LUCA-edited.jpg\" alt=\"\" class=\"lazyload\" \/><\/figure>\r\n<\/div>\r\n<\/div>\r\n<\/div>\r\n<\/div>\r\n\r\n<p>&nbsp;<\/p>\r\n[\/vc_column_text][\/vc_column][\/vc_row]<\/div>","protected":false},"excerpt":{"rendered":"<p>[vc_row][vc_column][vc_column_text] \u00a0 Nuestro proceso de revisi\u00f3n por parte de expertos &nbsp; Tu piel es nuestra pasi\u00f3n y tambi\u00e9n nuestra prioridad absoluta. Ya estemos desarrollando una nueva f\u00f3rmula para el cuidado de la piel o escribiendo un art\u00edculo sobre la \u00faltima tendencia en bienestar, para nosotros es fundamental que conf\u00edes en ISDIN. Por eso, todos los&hellip;<\/p>\n","protected":false},"author":1,"featured_media":0,"parent":0,"menu_order":0,"comment_status":"closed","ping_status":"closed","template":"","meta":{"footnotes":""},"class_list":["post-8276","page","type-page","status-publish","hentry"],"yoast_head":"<!-- This site is optimized with the Yoast SEO Premium plugin v25.4 (Yoast SEO v25.4) - https:\/\/yoast.com\/wordpress\/plugins\/seo\/ -->\n<title>Nuestro proceso de revisi\u00f3n por parte de expertos - ISDIN<\/title>\n<meta name=\"description\" content=\"Nuestro equipo de verificaci\u00f3n de hechos est\u00e1 compuesto por profesionales m\u00e9dicos y cosm\u00e9ticos que garantizan que todo lo que publicamos sea confiable.\" \/>\n<meta name=\"robots\" content=\"index, follow, max-snippet:-1, max-image-preview:large, max-video-preview:-1\" \/>\n<link rel=\"canonical\" href=\"https:\/\/www.isdin.com\/es\/blog\/proceso-revision-expertos\/\" \/>\n<meta property=\"og:locale\" content=\"es_ES\" \/>\n<meta property=\"og:type\" content=\"article\" \/>\n<meta property=\"og:title\" content=\"Nuestro proceso de revisi\u00f3n por parte de expertos\" \/>\n<meta property=\"og:description\" content=\"Nuestro equipo de verificaci\u00f3n de hechos est\u00e1 compuesto por profesionales m\u00e9dicos y cosm\u00e9ticos que garantizan que todo lo que publicamos sea confiable.\" \/>\n<meta property=\"og:url\" content=\"https:\/\/www.isdin.com\/es\/blog\/proceso-revision-expertos\/\" \/>\n<meta property=\"og:site_name\" content=\"ISDIN\" \/>\n<meta property=\"article:publisher\" content=\"https:\/\/es-es.facebook.com\/ISDIN.official\/\" \/>\n<meta property=\"article:modified_time\" content=\"2023-07-12T15:30:59+00:00\" \/>\n<meta property=\"og:image\" content=\"https:\/\/www.isdin.com\/en-US\/es\/blog\/wp-content\/uploads\/2023\/04\/aurora-garre-contreras-edited-1.jpg\" \/>\n<meta name=\"twitter:card\" content=\"summary_large_image\" \/>\n<meta name=\"twitter:site\" content=\"@isdin_official\" \/>\n<meta name=\"twitter:label1\" content=\"Est. reading time\" \/>\n\t<meta name=\"twitter:data1\" content=\"2 minutes\" \/>\n<script type=\"application\/ld+json\" class=\"yoast-schema-graph\">{\"@context\":\"https:\/\/schema.org\",\"@graph\":[{\"@type\":\"WebPage\",\"@id\":\"https:\/\/www.isdin.com\/es\/blog\/proceso-revision-expertos\/\",\"url\":\"https:\/\/www.isdin.com\/es\/blog\/proceso-revision-expertos\/\",\"name\":\"Nuestro proceso de revisi\u00f3n por parte de expertos - ISDIN\",\"isPartOf\":{\"@id\":\"https:\/\/www.isdin.com\/es\/blog\/#website\"},\"primaryImageOfPage\":{\"@id\":\"https:\/\/www.isdin.com\/es\/blog\/proceso-revision-expertos\/#primaryimage\"},\"image\":{\"@id\":\"https:\/\/www.isdin.com\/es\/blog\/proceso-revision-expertos\/#primaryimage\"},\"thumbnailUrl\":\"https:\/\/www.isdin.com\/en-US\/es\/blog\/wp-content\/uploads\/2023\/04\/aurora-garre-contreras-edited-1.jpg\",\"datePublished\":\"2023-06-28T15:23:45+00:00\",\"dateModified\":\"2023-07-12T15:30:59+00:00\",\"description\":\"Nuestro equipo de verificaci\u00f3n de hechos est\u00e1 compuesto por profesionales m\u00e9dicos y cosm\u00e9ticos que garantizan que todo lo que publicamos sea confiable.\",\"breadcrumb\":{\"@id\":\"https:\/\/www.isdin.com\/es\/blog\/proceso-revision-expertos\/#breadcrumb\"},\"inLanguage\":\"es-ES\",\"potentialAction\":[{\"@type\":\"ReadAction\",\"target\":[\"https:\/\/www.isdin.com\/es\/blog\/proceso-revision-expertos\/\"]}]},{\"@type\":\"ImageObject\",\"inLanguage\":\"es-ES\",\"@id\":\"https:\/\/www.isdin.com\/es\/blog\/proceso-revision-expertos\/#primaryimage\",\"url\":\"https:\/\/www.isdin.com\/en-US\/es\/blog\/wp-content\/uploads\/2023\/04\/aurora-garre-contreras-edited-1.jpg\",\"contentUrl\":\"https:\/\/www.isdin.com\/en-US\/es\/blog\/wp-content\/uploads\/2023\/04\/aurora-garre-contreras-edited-1.jpg\"},{\"@type\":\"BreadcrumbList\",\"@id\":\"https:\/\/www.isdin.com\/es\/blog\/proceso-revision-expertos\/#breadcrumb\",\"itemListElement\":[{\"@type\":\"ListItem\",\"position\":1,\"name\":\"Portada\",\"item\":\"https:\/\/www.isdin.com\/es\/blog\/\"},{\"@type\":\"ListItem\",\"position\":2,\"name\":\"Nuestro proceso de revisi\u00f3n por parte de expertos\"}]},{\"@type\":\"WebSite\",\"@id\":\"https:\/\/www.isdin.com\/es\/blog\/#website\",\"url\":\"https:\/\/www.isdin.com\/es\/blog\/\",\"name\":\"ISDIN\",\"description\":\"Novedades, lanzamientos de productos y toda la experiencia de ISDIN\",\"publisher\":{\"@id\":\"https:\/\/www.isdin.com\/es\/blog\/#organization\"},\"potentialAction\":[{\"@type\":\"SearchAction\",\"target\":{\"@type\":\"EntryPoint\",\"urlTemplate\":\"https:\/\/www.isdin.com\/es\/blog\/?s={search_term_string}\"},\"query-input\":{\"@type\":\"PropertyValueSpecification\",\"valueRequired\":true,\"valueName\":\"search_term_string\"}}],\"inLanguage\":\"es-ES\"},{\"@type\":\"Organization\",\"@id\":\"https:\/\/www.isdin.com\/es\/blog\/#organization\",\"name\":\"ISDIN\",\"alternateName\":\"ISDIN\",\"url\":\"https:\/\/www.isdin.com\/es\/blog\/\",\"logo\":{\"@type\":\"ImageObject\",\"inLanguage\":\"es-ES\",\"@id\":\"https:\/\/www.isdin.com\/es\/blog\/#\/schema\/logo\/image\/\",\"url\":\"https:\/\/www.isdin.com\/es\/blog\/wp-content\/uploads\/2024\/05\/2025_03_GuiaFoto_FWM.png\",\"contentUrl\":\"https:\/\/www.isdin.com\/es\/blog\/wp-content\/uploads\/2024\/05\/2025_03_GuiaFoto_FWM.png\",\"width\":670,\"height\":683,\"caption\":\"ISDIN\"},\"image\":{\"@id\":\"https:\/\/www.isdin.com\/es\/blog\/#\/schema\/logo\/image\/\"},\"sameAs\":[\"https:\/\/es-es.facebook.com\/ISDIN.official\/\",\"https:\/\/x.com\/isdin_official\",\"https:\/\/www.instagram.com\/isdinofficial\",\"https:\/\/www.youtube.com\/channel\/UCtoNJMKpDwdFLqgV23_lcqg\"],\"telephone\":\"659997812\"}]}<\/script>\n<!-- \/ Yoast SEO Premium plugin. -->","yoast_head_json":{"title":"Nuestro proceso de revisi\u00f3n por parte de expertos - ISDIN","description":"Nuestro equipo de verificaci\u00f3n de hechos est\u00e1 compuesto por profesionales m\u00e9dicos y cosm\u00e9ticos que garantizan que todo lo que publicamos sea confiable.","robots":{"index":"index","follow":"follow","max-snippet":"max-snippet:-1","max-image-preview":"max-image-preview:large","max-video-preview":"max-video-preview:-1"},"canonical":"https:\/\/www.isdin.com\/es\/blog\/proceso-revision-expertos\/","og_locale":"es_ES","og_type":"article","og_title":"Nuestro proceso de revisi\u00f3n por parte de expertos","og_description":"Nuestro equipo de verificaci\u00f3n de hechos est\u00e1 compuesto por profesionales m\u00e9dicos y cosm\u00e9ticos que garantizan que todo lo que publicamos sea confiable.","og_url":"https:\/\/www.isdin.com\/es\/blog\/proceso-revision-expertos\/","og_site_name":"ISDIN","article_publisher":"https:\/\/es-es.facebook.com\/ISDIN.official\/","article_modified_time":"2023-07-12T15:30:59+00:00","og_image":[{"url":"https:\/\/www.isdin.com\/en-US\/es\/blog\/wp-content\/uploads\/2023\/04\/aurora-garre-contreras-edited-1.jpg","type":"","width":"","height":""}],"twitter_card":"summary_large_image","twitter_site":"@isdin_official","twitter_misc":{"Est. reading time":"2 minutes"},"schema":{"@context":"https:\/\/schema.org","@graph":[{"@type":"WebPage","@id":"https:\/\/www.isdin.com\/es\/blog\/proceso-revision-expertos\/","url":"https:\/\/www.isdin.com\/es\/blog\/proceso-revision-expertos\/","name":"Nuestro proceso de revisi\u00f3n por parte de expertos - ISDIN","isPartOf":{"@id":"https:\/\/www.isdin.com\/es\/blog\/#website"},"primaryImageOfPage":{"@id":"https:\/\/www.isdin.com\/es\/blog\/proceso-revision-expertos\/#primaryimage"},"image":{"@id":"https:\/\/www.isdin.com\/es\/blog\/proceso-revision-expertos\/#primaryimage"},"thumbnailUrl":"https:\/\/www.isdin.com\/en-US\/es\/blog\/wp-content\/uploads\/2023\/04\/aurora-garre-contreras-edited-1.jpg","datePublished":"2023-06-28T15:23:45+00:00","dateModified":"2023-07-12T15:30:59+00:00","description":"Nuestro equipo de verificaci\u00f3n de hechos est\u00e1 compuesto por profesionales m\u00e9dicos y cosm\u00e9ticos que garantizan que todo lo que publicamos sea confiable.","breadcrumb":{"@id":"https:\/\/www.isdin.com\/es\/blog\/proceso-revision-expertos\/#breadcrumb"},"inLanguage":"es-ES","potentialAction":[{"@type":"ReadAction","target":["https:\/\/www.isdin.com\/es\/blog\/proceso-revision-expertos\/"]}]},{"@type":"ImageObject","inLanguage":"es-ES","@id":"https:\/\/www.isdin.com\/es\/blog\/proceso-revision-expertos\/#primaryimage","url":"https:\/\/www.isdin.com\/en-US\/es\/blog\/wp-content\/uploads\/2023\/04\/aurora-garre-contreras-edited-1.jpg","contentUrl":"https:\/\/www.isdin.com\/en-US\/es\/blog\/wp-content\/uploads\/2023\/04\/aurora-garre-contreras-edited-1.jpg"},{"@type":"BreadcrumbList","@id":"https:\/\/www.isdin.com\/es\/blog\/proceso-revision-expertos\/#breadcrumb","itemListElement":[{"@type":"ListItem","position":1,"name":"Portada","item":"https:\/\/www.isdin.com\/es\/blog\/"},{"@type":"ListItem","position":2,"name":"Nuestro proceso de revisi\u00f3n por parte de expertos"}]},{"@type":"WebSite","@id":"https:\/\/www.isdin.com\/es\/blog\/#website","url":"https:\/\/www.isdin.com\/es\/blog\/","name":"ISDIN","description":"Novedades, lanzamientos de productos y toda la experiencia de ISDIN","publisher":{"@id":"https:\/\/www.isdin.com\/es\/blog\/#organization"},"potentialAction":[{"@type":"SearchAction","target":{"@type":"EntryPoint","urlTemplate":"https:\/\/www.isdin.com\/es\/blog\/?s={search_term_string}"},"query-input":{"@type":"PropertyValueSpecification","valueRequired":true,"valueName":"search_term_string"}}],"inLanguage":"es-ES"},{"@type":"Organization","@id":"https:\/\/www.isdin.com\/es\/blog\/#organization","name":"ISDIN","alternateName":"ISDIN","url":"https:\/\/www.isdin.com\/es\/blog\/","logo":{"@type":"ImageObject","inLanguage":"es-ES","@id":"https:\/\/www.isdin.com\/es\/blog\/#\/schema\/logo\/image\/","url":"https:\/\/www.isdin.com\/es\/blog\/wp-content\/uploads\/2024\/05\/2025_03_GuiaFoto_FWM.png","contentUrl":"https:\/\/www.isdin.com\/es\/blog\/wp-content\/uploads\/2024\/05\/2025_03_GuiaFoto_FWM.png","width":670,"height":683,"caption":"ISDIN"},"image":{"@id":"https:\/\/www.isdin.com\/es\/blog\/#\/schema\/logo\/image\/"},"sameAs":["https:\/\/es-es.facebook.com\/ISDIN.official\/","https:\/\/x.com\/isdin_official","https:\/\/www.instagram.com\/isdinofficial","https:\/\/www.youtube.com\/channel\/UCtoNJMKpDwdFLqgV23_lcqg"],"telephone":"659997812"}]}},"_links":{"self":[{"href":"https:\/\/www.isdin.com\/es\/blog\/wp-json\/wp\/v2\/pages\/8276","targetHints":{"allow":["GET"]}}],"collection":[{"href":"https:\/\/www.isdin.com\/es\/blog\/wp-json\/wp\/v2\/pages"}],"about":[{"href":"https:\/\/www.isdin.com\/es\/blog\/wp-json\/wp\/v2\/types\/page"}],"author":[{"embeddable":true,"href":"https:\/\/www.isdin.com\/es\/blog\/wp-json\/wp\/v2\/users\/1"}],"replies":[{"embeddable":true,"href":"https:\/\/www.isdin.com\/es\/blog\/wp-json\/wp\/v2\/comments?post=8276"}],"version-history":[{"count":9,"href":"https:\/\/www.isdin.com\/es\/blog\/wp-json\/wp\/v2\/pages\/8276\/revisions"}],"predecessor-version":[{"id":8429,"href":"https:\/\/www.isdin.com\/es\/blog\/wp-json\/wp\/v2\/pages\/8276\/revisions\/8429"}],"wp:attachment":[{"href":"https:\/\/www.isdin.com\/es\/blog\/wp-json\/wp\/v2\/media?parent=8276"}],"curies":[{"name":"wp","href":"https:\/\/api.w.org\/{rel}","templated":true}]}}