{"id":8274,"date":"2023-06-28T15:13:09","date_gmt":"2023-06-28T15:13:09","guid":{"rendered":"https:\/\/www.isdin.com\/es\/blog\/?page_id=8274"},"modified":"2023-11-29T10:23:51","modified_gmt":"2023-11-29T10:23:51","slug":"normas-redaccion","status":"publish","type":"page","link":"https:\/\/www.isdin.com\/es\/blog\/normas-redaccion\/","title":{"rendered":"Nuestras normas de redacci\u00f3n"},"content":{"rendered":"<div class=\"wpb-content-wrapper\">[vc_row][vc_column][vc_column_text]\r\n<h2>\u00a0<\/h2>\r\n<h1 style=\"text-align: center;\">Nuestras normas de redacci\u00f3n<\/h1>\r\n<p>&nbsp;<\/p>\r\n<p>ISDIN naci\u00f3 hace m\u00e1s de 45 a\u00f1os con el objetivo de aunar ciencia y belleza. Seguimos con esa misma misi\u00f3n y, para ello, es clave cuidar c\u00f3mo nos comunicamos con nuestro p\u00fablico.<\/p>\r\n\r\n<p>Creemos que, sin una base cient\u00edfica que los respalde, los consejos de belleza no son m\u00e1s que ideas, y que, para que un truco de bienestar se sostenga, es fundamental que haya pasado el filtro de un experto en la materia. Nos esforzamos por informar sobre las \u00faltimas tendencias siendo siempre fieles a nuestro legado en el sector, por lo que todo el contenido que publicamos est\u00e1 basado en hechos y en las experiencias reales de nuestros profesionales.<\/p>\r\n\r\n<p>Pero nuestro compromiso con el rigor no termina cuando le damos a <em>Publicar<\/em>. Seguimos de cerca las opiniones de los expertos en el cuidado de la piel y actualizamos nuestros art\u00edculos constantemente. Tambi\u00e9n nos gusta recibir comentarios y preguntas de nuestros lectores, e intentamos que particip\u00e9is en la conversaci\u00f3n tan a menudo como sea posible. Porque cuando tu piel habla, la escuchamos.<\/p>\r\n<p>&nbsp;<\/p>\r\n<hr \/>\r\n<p>\u00a0<\/p>\r\n\r\n<h2 id=\"h-conoce-a-nuestro-equipo-editorial\" class=\"wp-block-heading\" style=\"text-align: center;\">Conoce a nuestro equipo editorial<\/h2>\r\n<p>\u00a0<\/p>\r\n\r\n<div class=\"wp-block-columns is-layout-flex wp-container-core-columns-is-layout-9d6595d7 wp-block-columns-is-layout-flex\">\r\n<div class=\"wp-block-column is-layout-flow wp-block-column-is-layout-flow\">\r\n<div class=\"wp-block-columns is-layout-flex wp-container-core-columns-is-layout-9d6595d7 wp-block-columns-is-layout-flex\">\r\n<div class=\"wp-block-column is-layout-flow wp-block-column-is-layout-flow\">\r\n<h3 id=\"h-greg-cameron\" class=\"wp-block-heading\">Greg Cameron<\/h3>\r\n\r\n<p>Creative Manager<br \/><a href=\"https:\/\/www.isdin.com\/es\/blog\/author\/greg-cameron\/\">View profile \u25ba<\/a><\/p>\r\n<\/div>\r\n<br \/>\r\n<div class=\"wp-block-column is-layout-flow wp-block-column-is-layout-flow\"><div class=\"wp-block-image is-style-rounded\">\r\n<figure class=\"alignleft size-large\"><img decoding=\"async\" src=\"data:image\/gif;base64,R0lGODlhAQABAAAAACH5BAEKAAEALAAAAAABAAEAAAICTAEAOw==\" data-src=\"https:\/\/www.isdin.com\/en-US\/es\/blog\/wp-content\/uploads\/2023\/04\/greg-cameron-isdin.jpeg\" alt=\"\" class=\"lazyload\" \/><\/figure>\r\n<\/div><\/div>\r\n<\/div>\r\n<\/div>\r\n<br \/>\r\n<div class=\"wp-block-column is-layout-flow wp-block-column-is-layout-flow\">\r\n<div class=\"wp-block-columns is-layout-flex wp-container-core-columns-is-layout-9d6595d7 wp-block-columns-is-layout-flex\">\r\n<div class=\"wp-block-column is-layout-flow wp-block-column-is-layout-flow\">\r\n<h3 id=\"h-amy-ingraham\" class=\"wp-block-heading\">Amy Ingraham<\/h3>\r\n\r\n<p>Content Specialist<br \/><a target=\"_blank\" href=\"https:\/\/www.isdin.com\/es\/blog\/author\/amy-ingraham\/\" rel=\"noopener\">View profile \u25ba<\/a><\/p>\r\n<\/div>\r\n<br \/>\r\n<div class=\"wp-block-column is-layout-flow wp-block-column-is-layout-flow\"><div class=\"wp-block-image is-style-rounded\">\r\n<figure class=\"alignleft size-large\"><img decoding=\"async\" src=\"data:image\/gif;base64,R0lGODlhAQABAAAAACH5BAEKAAEALAAAAAABAAEAAAICTAEAOw==\" data-src=\"https:\/\/www.isdin.com\/en-US\/es\/blog\/wp-content\/uploads\/2017\/07\/amy-ingraham-isdin.jpg\" alt=\"\" class=\"lazyload\" \/><\/figure>\r\n<\/div><\/div>\r\n<\/div>\r\n<\/div>\r\n<\/div>\r\n\r\n<p>&nbsp;<\/p>\r\n[\/vc_column_text][\/vc_column][\/vc_row]<\/div>","protected":false},"excerpt":{"rendered":"<p>[vc_row][vc_column][vc_column_text] \u00a0 Nuestras normas de redacci\u00f3n &nbsp; ISDIN naci\u00f3 hace m\u00e1s de 45 a\u00f1os con el objetivo de aunar ciencia y belleza. Seguimos con esa misma misi\u00f3n y, para ello, es clave cuidar c\u00f3mo nos comunicamos con nuestro p\u00fablico. Creemos que, sin una base cient\u00edfica que los respalde, los consejos de belleza no son m\u00e1s&hellip;<\/p>\n","protected":false},"author":1,"featured_media":0,"parent":0,"menu_order":0,"comment_status":"closed","ping_status":"closed","template":"","meta":{"footnotes":""},"class_list":["post-8274","page","type-page","status-publish","hentry"],"yoast_head":"<!-- This site is optimized with the Yoast SEO Premium plugin v25.4 (Yoast SEO v25.4) - https:\/\/yoast.com\/wordpress\/plugins\/seo\/ -->\n<title>Nuestras normas de redacci\u00f3n - ISDIN<\/title>\n<meta name=\"description\" content=\"Cuando tu piel habla, la escuchamos. Conoce al equipo detr\u00e1s del blog Live Young y descubre los pasos del proceso de redacci\u00f3n de ISDIN.\" \/>\n<meta name=\"robots\" content=\"index, follow, max-snippet:-1, max-image-preview:large, max-video-preview:-1\" \/>\n<link rel=\"canonical\" href=\"https:\/\/www.isdin.com\/es\/blog\/normas-redaccion\/\" \/>\n<meta property=\"og:locale\" content=\"es_ES\" \/>\n<meta property=\"og:type\" content=\"article\" \/>\n<meta property=\"og:title\" content=\"Nuestras normas de redacci\u00f3n\" \/>\n<meta property=\"og:description\" content=\"Cuando tu piel habla, la escuchamos. Conoce al equipo detr\u00e1s del blog Live Young y descubre los pasos del proceso de redacci\u00f3n de ISDIN.\" \/>\n<meta property=\"og:url\" content=\"https:\/\/www.isdin.com\/es\/blog\/normas-redaccion\/\" \/>\n<meta property=\"og:site_name\" content=\"ISDIN\" \/>\n<meta property=\"article:publisher\" content=\"https:\/\/es-es.facebook.com\/ISDIN.official\/\" \/>\n<meta property=\"article:modified_time\" content=\"2023-11-29T10:23:51+00:00\" \/>\n<meta property=\"og:image\" content=\"https:\/\/www.isdin.com\/en-US\/es\/blog\/wp-content\/uploads\/2023\/04\/greg-cameron-isdin.jpeg\" \/>\n<meta name=\"twitter:card\" content=\"summary_large_image\" \/>\n<meta name=\"twitter:site\" content=\"@isdin_official\" \/>\n<meta name=\"twitter:label1\" content=\"Est. reading time\" \/>\n\t<meta name=\"twitter:data1\" content=\"1 minute\" \/>\n<script type=\"application\/ld+json\" class=\"yoast-schema-graph\">{\"@context\":\"https:\/\/schema.org\",\"@graph\":[{\"@type\":\"WebPage\",\"@id\":\"https:\/\/www.isdin.com\/es\/blog\/normas-redaccion\/\",\"url\":\"https:\/\/www.isdin.com\/es\/blog\/normas-redaccion\/\",\"name\":\"Nuestras normas de redacci\u00f3n - ISDIN\",\"isPartOf\":{\"@id\":\"https:\/\/www.isdin.com\/es\/blog\/#website\"},\"primaryImageOfPage\":{\"@id\":\"https:\/\/www.isdin.com\/es\/blog\/normas-redaccion\/#primaryimage\"},\"image\":{\"@id\":\"https:\/\/www.isdin.com\/es\/blog\/normas-redaccion\/#primaryimage\"},\"thumbnailUrl\":\"https:\/\/www.isdin.com\/en-US\/es\/blog\/wp-content\/uploads\/2023\/04\/greg-cameron-isdin.jpeg\",\"datePublished\":\"2023-06-28T15:13:09+00:00\",\"dateModified\":\"2023-11-29T10:23:51+00:00\",\"description\":\"Cuando tu piel habla, la escuchamos. Conoce al equipo detr\u00e1s del blog Live Young y descubre los pasos del proceso de redacci\u00f3n de ISDIN.\",\"breadcrumb\":{\"@id\":\"https:\/\/www.isdin.com\/es\/blog\/normas-redaccion\/#breadcrumb\"},\"inLanguage\":\"es-ES\",\"potentialAction\":[{\"@type\":\"ReadAction\",\"target\":[\"https:\/\/www.isdin.com\/es\/blog\/normas-redaccion\/\"]}]},{\"@type\":\"ImageObject\",\"inLanguage\":\"es-ES\",\"@id\":\"https:\/\/www.isdin.com\/es\/blog\/normas-redaccion\/#primaryimage\",\"url\":\"https:\/\/www.isdin.com\/en-US\/es\/blog\/wp-content\/uploads\/2023\/04\/greg-cameron-isdin.jpeg\",\"contentUrl\":\"https:\/\/www.isdin.com\/en-US\/es\/blog\/wp-content\/uploads\/2023\/04\/greg-cameron-isdin.jpeg\"},{\"@type\":\"BreadcrumbList\",\"@id\":\"https:\/\/www.isdin.com\/es\/blog\/normas-redaccion\/#breadcrumb\",\"itemListElement\":[{\"@type\":\"ListItem\",\"position\":1,\"name\":\"Portada\",\"item\":\"https:\/\/www.isdin.com\/es\/blog\/\"},{\"@type\":\"ListItem\",\"position\":2,\"name\":\"Nuestras normas de redacci\u00f3n\"}]},{\"@type\":\"WebSite\",\"@id\":\"https:\/\/www.isdin.com\/es\/blog\/#website\",\"url\":\"https:\/\/www.isdin.com\/es\/blog\/\",\"name\":\"ISDIN\",\"description\":\"Novedades, lanzamientos de productos y toda la experiencia de ISDIN\",\"publisher\":{\"@id\":\"https:\/\/www.isdin.com\/es\/blog\/#organization\"},\"potentialAction\":[{\"@type\":\"SearchAction\",\"target\":{\"@type\":\"EntryPoint\",\"urlTemplate\":\"https:\/\/www.isdin.com\/es\/blog\/?s={search_term_string}\"},\"query-input\":{\"@type\":\"PropertyValueSpecification\",\"valueRequired\":true,\"valueName\":\"search_term_string\"}}],\"inLanguage\":\"es-ES\"},{\"@type\":\"Organization\",\"@id\":\"https:\/\/www.isdin.com\/es\/blog\/#organization\",\"name\":\"ISDIN\",\"alternateName\":\"ISDIN\",\"url\":\"https:\/\/www.isdin.com\/es\/blog\/\",\"logo\":{\"@type\":\"ImageObject\",\"inLanguage\":\"es-ES\",\"@id\":\"https:\/\/www.isdin.com\/es\/blog\/#\/schema\/logo\/image\/\",\"url\":\"https:\/\/www.isdin.com\/es\/blog\/wp-content\/uploads\/2024\/05\/2025_03_GuiaFoto_FWM.png\",\"contentUrl\":\"https:\/\/www.isdin.com\/es\/blog\/wp-content\/uploads\/2024\/05\/2025_03_GuiaFoto_FWM.png\",\"width\":670,\"height\":683,\"caption\":\"ISDIN\"},\"image\":{\"@id\":\"https:\/\/www.isdin.com\/es\/blog\/#\/schema\/logo\/image\/\"},\"sameAs\":[\"https:\/\/es-es.facebook.com\/ISDIN.official\/\",\"https:\/\/x.com\/isdin_official\",\"https:\/\/www.instagram.com\/isdinofficial\",\"https:\/\/www.youtube.com\/channel\/UCtoNJMKpDwdFLqgV23_lcqg\"],\"telephone\":\"659997812\"}]}<\/script>\n<!-- \/ Yoast SEO Premium plugin. -->","yoast_head_json":{"title":"Nuestras normas de redacci\u00f3n - ISDIN","description":"Cuando tu piel habla, la escuchamos. Conoce al equipo detr\u00e1s del blog Live Young y descubre los pasos del proceso de redacci\u00f3n de ISDIN.","robots":{"index":"index","follow":"follow","max-snippet":"max-snippet:-1","max-image-preview":"max-image-preview:large","max-video-preview":"max-video-preview:-1"},"canonical":"https:\/\/www.isdin.com\/es\/blog\/normas-redaccion\/","og_locale":"es_ES","og_type":"article","og_title":"Nuestras normas de redacci\u00f3n","og_description":"Cuando tu piel habla, la escuchamos. Conoce al equipo detr\u00e1s del blog Live Young y descubre los pasos del proceso de redacci\u00f3n de ISDIN.","og_url":"https:\/\/www.isdin.com\/es\/blog\/normas-redaccion\/","og_site_name":"ISDIN","article_publisher":"https:\/\/es-es.facebook.com\/ISDIN.official\/","article_modified_time":"2023-11-29T10:23:51+00:00","og_image":[{"url":"https:\/\/www.isdin.com\/en-US\/es\/blog\/wp-content\/uploads\/2023\/04\/greg-cameron-isdin.jpeg","type":"","width":"","height":""}],"twitter_card":"summary_large_image","twitter_site":"@isdin_official","twitter_misc":{"Est. reading time":"1 minute"},"schema":{"@context":"https:\/\/schema.org","@graph":[{"@type":"WebPage","@id":"https:\/\/www.isdin.com\/es\/blog\/normas-redaccion\/","url":"https:\/\/www.isdin.com\/es\/blog\/normas-redaccion\/","name":"Nuestras normas de redacci\u00f3n - ISDIN","isPartOf":{"@id":"https:\/\/www.isdin.com\/es\/blog\/#website"},"primaryImageOfPage":{"@id":"https:\/\/www.isdin.com\/es\/blog\/normas-redaccion\/#primaryimage"},"image":{"@id":"https:\/\/www.isdin.com\/es\/blog\/normas-redaccion\/#primaryimage"},"thumbnailUrl":"https:\/\/www.isdin.com\/en-US\/es\/blog\/wp-content\/uploads\/2023\/04\/greg-cameron-isdin.jpeg","datePublished":"2023-06-28T15:13:09+00:00","dateModified":"2023-11-29T10:23:51+00:00","description":"Cuando tu piel habla, la escuchamos. Conoce al equipo detr\u00e1s del blog Live Young y descubre los pasos del proceso de redacci\u00f3n de ISDIN.","breadcrumb":{"@id":"https:\/\/www.isdin.com\/es\/blog\/normas-redaccion\/#breadcrumb"},"inLanguage":"es-ES","potentialAction":[{"@type":"ReadAction","target":["https:\/\/www.isdin.com\/es\/blog\/normas-redaccion\/"]}]},{"@type":"ImageObject","inLanguage":"es-ES","@id":"https:\/\/www.isdin.com\/es\/blog\/normas-redaccion\/#primaryimage","url":"https:\/\/www.isdin.com\/en-US\/es\/blog\/wp-content\/uploads\/2023\/04\/greg-cameron-isdin.jpeg","contentUrl":"https:\/\/www.isdin.com\/en-US\/es\/blog\/wp-content\/uploads\/2023\/04\/greg-cameron-isdin.jpeg"},{"@type":"BreadcrumbList","@id":"https:\/\/www.isdin.com\/es\/blog\/normas-redaccion\/#breadcrumb","itemListElement":[{"@type":"ListItem","position":1,"name":"Portada","item":"https:\/\/www.isdin.com\/es\/blog\/"},{"@type":"ListItem","position":2,"name":"Nuestras normas de redacci\u00f3n"}]},{"@type":"WebSite","@id":"https:\/\/www.isdin.com\/es\/blog\/#website","url":"https:\/\/www.isdin.com\/es\/blog\/","name":"ISDIN","description":"Novedades, lanzamientos de productos y toda la experiencia de ISDIN","publisher":{"@id":"https:\/\/www.isdin.com\/es\/blog\/#organization"},"potentialAction":[{"@type":"SearchAction","target":{"@type":"EntryPoint","urlTemplate":"https:\/\/www.isdin.com\/es\/blog\/?s={search_term_string}"},"query-input":{"@type":"PropertyValueSpecification","valueRequired":true,"valueName":"search_term_string"}}],"inLanguage":"es-ES"},{"@type":"Organization","@id":"https:\/\/www.isdin.com\/es\/blog\/#organization","name":"ISDIN","alternateName":"ISDIN","url":"https:\/\/www.isdin.com\/es\/blog\/","logo":{"@type":"ImageObject","inLanguage":"es-ES","@id":"https:\/\/www.isdin.com\/es\/blog\/#\/schema\/logo\/image\/","url":"https:\/\/www.isdin.com\/es\/blog\/wp-content\/uploads\/2024\/05\/2025_03_GuiaFoto_FWM.png","contentUrl":"https:\/\/www.isdin.com\/es\/blog\/wp-content\/uploads\/2024\/05\/2025_03_GuiaFoto_FWM.png","width":670,"height":683,"caption":"ISDIN"},"image":{"@id":"https:\/\/www.isdin.com\/es\/blog\/#\/schema\/logo\/image\/"},"sameAs":["https:\/\/es-es.facebook.com\/ISDIN.official\/","https:\/\/x.com\/isdin_official","https:\/\/www.instagram.com\/isdinofficial","https:\/\/www.youtube.com\/channel\/UCtoNJMKpDwdFLqgV23_lcqg"],"telephone":"659997812"}]}},"_links":{"self":[{"href":"https:\/\/www.isdin.com\/es\/blog\/wp-json\/wp\/v2\/pages\/8274","targetHints":{"allow":["GET"]}}],"collection":[{"href":"https:\/\/www.isdin.com\/es\/blog\/wp-json\/wp\/v2\/pages"}],"about":[{"href":"https:\/\/www.isdin.com\/es\/blog\/wp-json\/wp\/v2\/types\/page"}],"author":[{"embeddable":true,"href":"https:\/\/www.isdin.com\/es\/blog\/wp-json\/wp\/v2\/users\/1"}],"replies":[{"embeddable":true,"href":"https:\/\/www.isdin.com\/es\/blog\/wp-json\/wp\/v2\/comments?post=8274"}],"version-history":[{"count":16,"href":"https:\/\/www.isdin.com\/es\/blog\/wp-json\/wp\/v2\/pages\/8274\/revisions"}],"predecessor-version":[{"id":9139,"href":"https:\/\/www.isdin.com\/es\/blog\/wp-json\/wp\/v2\/pages\/8274\/revisions\/9139"}],"wp:attachment":[{"href":"https:\/\/www.isdin.com\/es\/blog\/wp-json\/wp\/v2\/media?parent=8274"}],"curies":[{"name":"wp","href":"https:\/\/api.w.org\/{rel}","templated":true}]}}